{"id":341,"date":"2021-02-20T04:33:15","date_gmt":"2021-02-20T04:33:15","guid":{"rendered":"https:\/\/testsite.treehouseestonia.ee\/?page_id=341"},"modified":"2026-03-03T13:23:10","modified_gmt":"2026-03-03T13:23:10","slug":"broneeri","status":"publish","type":"page","link":"https:\/\/testsite.treehouseestonia.ee\/en\/broneeri\/","title":{"rendered":"Book"},"content":{"rendered":"<div class=\"brz-root__container brz-reset-all brz\">\n<section id=\"ykotdmnnrzokvhusttgvdirocgrbtqatxsqm\" class=\"brz-section brz-css-f8RkJ\">\n<div class=\"brz-section__content brz-section--boxed brz-css-zbmfa brz-css-b9iYx\" data-brz-custom-id=\"kyyeksfktjcpgmefmsqozggvoguseipcdprc\">\n<div class=\"brz-bg\">\n<div class=\"brz-bg-image\"><\/div>\n<div class=\"brz-bg-color\"><\/div>\n<\/div>\n<div class=\"brz-container brz-css-dNCSx\">\n<div id=\"\" class=\"brz-css-qgVE9 brz-css-nKm8O brz-wrapper\">\n<div class=\"brz-rich-text brz-rich-text__custom brz-css-kSNnP\" data-brz-custom-id=\"njyunioffuzivbpfufeybpzofbrugjmymeiy\">\n<div data-brz-translate-text=\"1\">\n<h2 class=\"brz-text-xs-center brz-tp-heading2 brz-css-glUTD\"><span class=\"brz-cp-color3\">Kalender &amp;<\/span><\/h2>\n<h2 class=\"brz-text-xs-center brz-tp-heading2 brz-css-qxOst\"><span class=\"brz-cp-color3\">booking <\/span><\/h2>\n<h2 class=\"brz-text-xs-center brz-tp-heading2 brz-css-nJTO7\"><span class=\"brz-cp-color3\">  <\/span><\/h2>\n<\/div>\n<\/div>\n<\/div>\n<div id=\"\" class=\"brz-css-qgVE9 brz-css-cycek brz-wrapper\">\n<div class=\"brz-spacer brz-css-wJy8S brz-css-e1sej\"><\/div>\n<\/div>\n<div id=\"\" class=\"brz-css-qgVE9 brz-css-cycek brz-wrapper\">\n<div class=\"brz-spacer brz-css-wJy8S brz-css-dUHjg\"><\/div>\n<\/div>\n<\/div>\n<\/div>\n<\/section>\n<section id=\"yzjicclvnkqpetlimutrvbobqrzrqpdeluan\" class=\"brz-section brz-css-f8RkJ\">\n<div class=\"brz-section__content brz-section--boxed brz-css-zbmfa brz-css-jzGoA\" data-brz-custom-id=\"rqydcsxzjzaysppaizextmxjilizwzciqdyr\">\n<div class=\"brz-bg\">\n<div class=\"brz-bg-color\"><\/div>\n<\/div>\n<div class=\"brz-container brz-css-dNCSx\">\n<div class=\"brz-row__container brz-css-urRu1\" data-brz-custom-id=\"vwwwjswheqkhyahceiumslaheyikuezfctur\">\n<div class=\"brz-bg\"><\/div>\n<div class=\"brz-row brz-css-mQ0kb brz-css-k9zxg\">\n<div class=\"brz-columns brz-css-s4hDl brz-css-vibl9\" data-brz-custom-id=\"xzbwnyaxhrlhvrdykhgspmbxzydfjudpcjlz\">\n<div class=\"brz-bg\">\n<div class=\"brz-bg-color\"><\/div>\n<\/div>\n<div class=\"brz-column__items brz-css-vT_Y4 brz-css-qrYq5\">\n<div id=\"\" class=\"brz-css-qgVE9 brz-css-cycek brz-css-n5NNv brz-wrapper\">\n<div class=\"brz-spacer brz-css-wJy8S brz-css-gXaY4\"><\/div>\n<\/div>\n<div id=\"\" class=\"brz-css-qgVE9 brz-wrapper\">\n<div class=\"brz-rich-text brz-rich-text__custom brz-css-kSNnP\" data-brz-custom-id=\"ulrqiqqcepywzwyjcbuionlomuypzyvllxdb\">\n<div data-brz-translate-text=\"1\">\n<h5 class=\"brz-tp-heading5 brz-text-lg-center brz-css-dFppB\"><span class=\"brz-cp-color3\">Season 2022<\/span><\/h5>\n<\/div>\n<\/div>\n<\/div>\n<div id=\"\" class=\"brz-css-qgVE9 brz-wrapper\">\n<div class=\"brz-rich-text brz-rich-text__custom brz-css-kSNnP\" data-brz-custom-id=\"eekfnqbtxxbuiczaqmmpqpyrntdkupcbwrdj\">\n<div data-brz-translate-text=\"1\">\n<p class=\"brz-text-lg-center brz-tp-lg-heading4 brz-css-t0a6p\" data-generated-css=\"brz-css-hcnyp\"><strong class=\"brz-cp-color3\">We are open from 15.04.2022<\/strong><\/p>\n<\/div>\n<\/div>\n<\/div>\n<div id=\"\" class=\"brz-css-qgVE9 brz-css-cycek brz-css-eGXpV brz-wrapper\">\n<div class=\"brz-spacer brz-css-wJy8S brz-css-iwamH\"><\/div>\n<\/div>\n<div id=\"\" class=\"brz-css-qgVE9 brz-wrapper\">\n<div class=\"brz-rich-text brz-rich-text__custom brz-css-kSNnP\" data-brz-custom-id=\"zubtzonxugzikdokephpkkcvnrjlhhahzyhn\">\n<div data-brz-translate-text=\"1\">\n<p class=\"brz-text-lg-center brz-tp-lg-heading2 brz-css-uAeQY\" data-generated-css=\"brz-css-bxrlu\" data-uniq-id=\"rvxoc\"><span class=\"brz-cp-color3\">Price from 200 \u20ac<\/span><\/p>\n<\/div>\n<\/div>\n<\/div>\n<div id=\"\" class=\"brz-css-qgVE9 brz-css-cycek brz-css-wGbWl brz-wrapper\">\n<div class=\"brz-spacer brz-css-wJy8S brz-css-oORJG\"><\/div>\n<\/div>\n<div id=\"\" class=\"brz-css-qgVE9 brz-css-vnAyf brz-wrapper\">\n<div class=\"brz-rich-text brz-rich-text__custom brz-css-kSNnP\" data-brz-custom-id=\"etevgmroecycfderwochbmsfxvemlfdxaaad\">\n<div data-brz-translate-text=\"1\">\n<ul>\n<li class=\"brz-tp-lg-heading6 brz-text-lg-justify brz-bcp-color3 brz-css-g0rMT\" data-generated-css=\"brz-css-jgccv\" data-uniq-id=\"uqshe\"><strong class=\"brz-cp-color3\">The price is Sun\u2013Thu \u20ac 200 \/1 night<\/strong><\/li>\n<li class=\"brz-tp-lg-heading6 brz-text-lg-justify brz-bcp-color3 brz-css-p51ya\" data-generated-css=\"brz-css-hjsvk\" data-uniq-id=\"hibrw\"><strong class=\"brz-cp-color3\">The price is Fri\u2013Sat \u20ac 230 \/1 night<\/strong><\/li>\n<li class=\"brz-tp-lg-heading6 brz-text-lg-justify brz-bcp-color3 brz-css-nqSfi\" data-generated-css=\"brz-css-bcxuh\" data-uniq-id=\"wqlvo\"><span class=\"brz-cp-color3\">Each house has its own private sauna, the price of the house also includes the use of the sauna. <\/span><\/li>\n<li class=\"brz-text-lg-justify brz-tp-lg-heading6 brz-bcp-color3 brz-css-yvdxc\" data-generated-css=\"brz-css-krgqg\" data-uniq-id=\"uxjdr\"><span class=\"brz-cp-color3\">All houses are for two persons<\/span><\/li>\n<li class=\"brz-text-lg-justify brz-tp-lg-heading6 brz-bcp-color3 brz-css-bAD4y\" data-generated-css=\"brz-css-wjpzr\" data-uniq-id=\"jciqi\"><span class=\"brz-cp-color3\">Cancellation \/ change of reservation is possible up to 10 days before arrival.<\/span><\/li>\n<li class=\"brz-tp-lg-heading6 brz-text-lg-justify brz-bcp-color3 brz-css-pbP59\" data-generated-css=\"brz-css-kivwq\" data-uniq-id=\"eyahg\"><span class=\"brz-cp-color3\">Additional guests are not allowed<\/span><\/li>\n<li class=\"brz-tp-lg-heading6 brz-text-lg-justify brz-bcp-color3 brz-css-ud45Q\" data-generated-css=\"brz-css-kymxg\" data-uniq-id=\"uwjsu\"><span class=\"brz-cp-color3\">Pets are not allowed<\/span><\/li>\n<li class=\"brz-tp-lg-heading6 brz-text-lg-justify brz-bcp-color3 brz-css-iAGr6\" data-generated-css=\"brz-css-ilwmr\" data-uniq-id=\"hpega\"><span class=\"brz-cp-color3\">For adults only <\/span><\/li>\n<\/ul>\n<\/div>\n<\/div>\n<\/div>\n<div id=\"\" class=\"brz-css-qgVE9 brz-css-cycek brz-css-zUbaV brz-wrapper\">\n<div class=\"brz-spacer brz-css-wJy8S brz-css-bah0_\"><\/div>\n<\/div>\n<div class=\"brz-wrapper-clone brz-css-jZaLd\">\n<div class=\"brz-d-xs-flex brz-flex-xs-wrap brz-css-nlupq\" data-brz-custom-id=\"\">\n<div class=\"brz-wrapper-clone__item\" id=\"rqwhqrddaqgkpwbsquvbfujabjuvahywblvn\"><a class=\"brz-a brz-btn brz-css-mGk9g brz-css-ior_o\" href=\"https:\/\/treehouseestonia.ee\/lisainfo-broneerijale\/\" target=\"_self\" rel=\"noopener\" data-brz-link-type=\"external\" data-brz-custom-id=\"rqwhqrddaqgkpwbsquvbfujabjuvahywblvn\"><span data-brz-translate-text=\"1\" class=\"brz-span brz-text__editor\">PLEASE READ \"GOOD TO KNOW\"<\/span><\/a><\/div>\n<\/div>\n<\/div>\n<div id=\"\" class=\"brz-css-qgVE9 brz-css-cycek brz-css-iosb3 brz-wrapper\">\n<div class=\"brz-spacer brz-css-wJy8S brz-css-zsSB9\"><\/div>\n<\/div>\n<\/div>\n<\/div>\n<\/div>\n<\/div>\n<\/div>\n<\/div>\n<\/section>\n<\/div>\n<p>    <!-- version:1722525348 --><\/p>","protected":false},"excerpt":{"rendered":"<p>Kalender &amp; broneerimine HOOAEG 2022 Oleme avatud alates 15.04.2022 Hind al 200\u20ac K\u00f5ikide majade hind P\u2013N 200 \u20ac\/1 \u00f6\u00f6 K\u00f5ikide majade hind R\u2013L 230 \u20ac\/1 \u00f6\u00f6 Igal majal on oma privaatsaun, maja hind sisaldab ka sauna kasutust. K\u00f5ik majad on m\u00f5eldud kahele inimesele. Broneeringu muutmine\/t\u00fchistamine on v\u00f5imalik kuni 10 p\u00e4eva enne saabumist. Lisak\u00fclalised pole lubatud [&hellip;]<\/p>\n","protected":false},"author":1,"featured_media":0,"parent":0,"menu_order":0,"comment_status":"closed","ping_status":"closed","template":"brizy-blank-template.php","meta":{"footnotes":""},"class_list":["post-341","page","type-page","status-publish","hentry"],"brizy_media":[{"id":1398,"url":"https:\/\/testsite.treehouseestonia.ee\/wp-content\/uploads\/2021\/03\/metsa-terrass.jpg","name":"metsa-terrass.jpg","meta":{"brizy_attachment_uid":"wp-19416fa6c73fca0c695c687c65b6821d.jpg","brizy_post_uid":["02c3a8cd9cfcd116fb959150e5d76d93","5ee69893161784152ddd2f4f37811948","36dda1997b4c91d857d000effe3900b5","40534f8c0faf19e98e217353c8fedbd7"]}},{"id":4037,"url":"https:\/\/testsite.treehouseestonia.ee\/wp-content\/uploads\/2021\/03\/Logo-kriipsudega-kuldne.png","name":"Logo-kriipsudega-kuldne.png","meta":{"brizy_attachment_uid":"wp-01befc23ac215f7acc9921331acde967.png","brizy_post_uid":["40534f8c0faf19e98e217353c8fedbd7"]}},{"id":4038,"url":"https:\/\/testsite.treehouseestonia.ee\/wp-content\/uploads\/2021\/03\/Logo-paikese-ja-puuga-kuldne.png","name":"Logo-paikese-ja-puuga-kuldne.png","meta":{"brizy_attachment_uid":"wp-82d01aa65381eeca8a141ca43b0148ec.png","brizy_post_uid":["40534f8c0faf19e98e217353c8fedbd7"]}}],"_links":{"self":[{"href":"https:\/\/testsite.treehouseestonia.ee\/en\/wp-json\/wp\/v2\/pages\/341","targetHints":{"allow":["GET"]}}],"collection":[{"href":"https:\/\/testsite.treehouseestonia.ee\/en\/wp-json\/wp\/v2\/pages"}],"about":[{"href":"https:\/\/testsite.treehouseestonia.ee\/en\/wp-json\/wp\/v2\/types\/page"}],"author":[{"embeddable":true,"href":"https:\/\/testsite.treehouseestonia.ee\/en\/wp-json\/wp\/v2\/users\/1"}],"replies":[{"embeddable":true,"href":"https:\/\/testsite.treehouseestonia.ee\/en\/wp-json\/wp\/v2\/comments?post=341"}],"version-history":[{"count":30,"href":"https:\/\/testsite.treehouseestonia.ee\/en\/wp-json\/wp\/v2\/pages\/341\/revisions"}],"predecessor-version":[{"id":12169,"href":"https:\/\/testsite.treehouseestonia.ee\/en\/wp-json\/wp\/v2\/pages\/341\/revisions\/12169"}],"wp:attachment":[{"href":"https:\/\/testsite.treehouseestonia.ee\/en\/wp-json\/wp\/v2\/media?parent=341"}],"curies":[{"name":"wp","href":"https:\/\/api.w.org\/{rel}","templated":true}]}}