{"id":350,"date":"2021-02-20T04:38:52","date_gmt":"2021-02-20T04:38:52","guid":{"rendered":"https:\/\/testsite.treehouseestonia.ee\/?page_id=350"},"modified":"2026-03-03T16:59:17","modified_gmt":"2026-03-03T16:59:17","slug":"lisainfo-broneerijale","status":"publish","type":"page","link":"https:\/\/testsite.treehouseestonia.ee\/en\/lisainfo-broneerijale\/","title":{"rendered":"Additional information"},"content":{"rendered":"<div class=\"brz-root__container brz-reset-all brz\">\n<section id=\"gsxegncesidqfqggpbijifhlapbapyduuoci\" class=\"brz-section brz-css-h234r brz-css-rp19N\">\n<div class=\"brz-section__content brz-section--boxed brz-css-eXcIM brz-css-k2no7\" data-brz-custom-id=\"qughhyygvujjoetnxjovuypctkjecerfvdip\">\n<div class=\"brz-bg\">\n<div class=\"brz-bg-image\"><\/div>\n<div class=\"brz-bg-color\"><\/div>\n<\/div>\n<div class=\"brz-container brz-css-rQMfh\">\n<div class=\"brz-row__container brz-css-yNely\" data-brz-custom-id=\"uuvljqjfrgzbzswafqhzuugwfutmhepdpmpf\">\n<div class=\"brz-bg\"><\/div>\n<div class=\"brz-row brz-css-r681U brz-css-hJOKW\">\n<div class=\"brz-columns brz-css-l0M2p brz-css-wQQIK\" data-brz-custom-id=\"vksuccmpxohshdmrorvznknoenqqpxariwbr\">\n<div class=\"brz-bg\"><\/div>\n<div class=\"brz-column__items brz-css-qUEjJ brz-css-fxPad\">\n<div id=\"\" class=\"brz-css-bhHXL brz-css-tAxt8 brz-wrapper\">\n<div class=\"brz-rich-text brz-rich-text__custom brz-css-f1KXF\" data-brz-custom-id=\"levrrzuqjsxjyslaochcvxmduqsbcaiaerzy\">\n<div data-brz-translate-text=\"1\">\n<h2 class=\"brz-text-lg-right brz-tp-heading2 brz-css-lOSYp\"><strong class=\"brz-cp-color6\">Glad You have <\/strong><\/h2>\n<h2 class=\"brz-text-lg-right brz-tp-heading2 brz-css-jL5sE\"><strong class=\"brz-cp-color6\">noticed <\/strong><\/h2>\n<h2 class=\"brz-text-lg-right brz-tp-heading2 brz-css-o1_on\"><strong class=\"brz-cp-color6\">our treehouses!<\/strong><\/h2>\n<\/div>\n<\/div>\n<\/div>\n<div id=\"\" class=\"brz-css-bhHXL brz-css-l0fjL brz-wrapper\">\n<div class=\"brz-rich-text brz-rich-text__custom brz-css-f1KXF\" data-brz-custom-id=\"saqicoogygxvlkqyeqedoegbbyrlorapscmo\">\n<div data-brz-translate-text=\"1\">\n<h4 class=\"brz-text-lg-right brz-tp-abovetitle brz-css-kZuh2\"><span class=\"brz-cp-color7\">ADDITIONAL INFORMATION<\/span><\/h4>\n<\/div>\n<\/div>\n<\/div>\n<\/div>\n<\/div>\n<\/div>\n<\/div>\n<\/div>\n<\/div>\n<\/section>\n<section id=\"zhovdjnittrujmbzgeulnmifjwxbvckpsxji\" class=\"brz-section brz-css-h234r\">\n<div class=\"brz-section__content brz-section--boxed brz-css-eXcIM brz-css-havsb\" data-brz-custom-id=\"grrtubqffrbxqcqzqvqefbqjhgdoqmfdiofd\">\n<div class=\"brz-bg\">\n<div class=\"brz-bg-color\"><\/div>\n<\/div>\n<div class=\"brz-container brz-css-rQMfh\">\n<div class=\"brz-row__container brz-css-yNely\" data-brz-custom-id=\"afjlwgfgujpqodicnsbckkbmswscfsyqvgci\">\n<div class=\"brz-bg\"><\/div>\n<div class=\"brz-row brz-css-r681U\">\n<div class=\"brz-columns brz-css-l0M2p brz-css-sElPC\" data-brz-custom-id=\"sdsgmstdhxzvwwrrdvviyrjzvaxsiynrufaq\">\n<div class=\"brz-bg\"><\/div>\n<div class=\"brz-column__items brz-css-qUEjJ\">\n<div id=\"\" class=\"brz-css-bhHXL brz-wrapper\">\n<div class=\"brz-rich-text brz-rich-text__custom brz-css-f1KXF\" data-brz-custom-id=\"swmusvbhmcmkajvezsbsedejmsdwcgplzarw\">\n<div data-brz-translate-text=\"1\">\n<p class=\"brz-tp-lg-heading3 brz-css-oB4r6\" data-generated-css=\"brz-css-jahxe\" data-uniq-id=\"ofjld\"><span class=\"brz-cp-color3\">Welcome to a magical and unique treehouse holiday! <\/span><\/p>\n<p class=\"brz-tp-lg-heading3 brz-css-h68qj\" data-generated-css=\"brz-css-dvoyz\" data-uniq-id=\"padel\"><span class=\"brz-cp-color3\">We have 3 treehouses and treesauna \u2013 every treehouse has its own BBQ area, kitchenette with a refrigerator, hob and kettle, WC and shower. <\/span><\/p>\n<p class=\"brz-tp-lg-heading3 brz-css-d5_ib\" data-uniq-id=\"uoqdl\" data-generated-css=\"brz-css-lygvr\"><span class=\"brz-cp-color3\">The houses have a toilet, shower, towels and bed linen. <\/span><\/p>\n<\/div>\n<\/div>\n<\/div>\n<\/div>\n<\/div>\n<\/div>\n<\/div>\n<div id=\"\" class=\"brz-css-bhHXL brz-css-pOXwV brz-wrapper\">\n<div class=\"brz-spacer brz-css-vCmuL brz-css-hk5Rt\"><\/div>\n<\/div>\n<div class=\"brz-row__container brz-css-yNely\" data-brz-custom-id=\"lsojarrrzikcyygsfkhbyxcdwtjpdktlnsum\">\n<div class=\"brz-bg\"><\/div>\n<div class=\"brz-row brz-css-r681U brz-css-hJOKW\">\n<div class=\"brz-columns brz-css-l0M2p brz-css-eS1YM\" data-brz-custom-id=\"tlinaspzezhdldgxyyrpjvcphazrewjlqipo\">\n<div class=\"brz-bg\"><\/div>\n<div class=\"brz-column__items brz-css-qUEjJ brz-css-zeXEt\">\n<div id=\"\" class=\"brz-css-bhHXL brz-css-pOXwV brz-wrapper\">\n<div class=\"brz-spacer brz-css-vCmuL brz-css-nE8zn\"><\/div>\n<\/div>\n<div class=\"brz-wrapper-clone brz-css-dnZdP\">\n<div class=\"brz-d-xs-flex brz-flex-xs-wrap brz-css-ftc2F brz-css-mjfeK\" data-brz-custom-id=\"\">\n<div class=\"brz-wrapper-clone__item\" id=\"qqpnfmdvylyuftvlmofnjninkyyvwbcyizag\">\n<div class=\"brz-icon__container\" data-brz-custom-id=\"qqpnfmdvylyuftvlmofnjninkyyvwbcyizag\"><span class=\"brz-icon brz-span brz-css-f0x6U brz-css-sONqX\"><\/span><\/div>\n<\/div>\n<\/div>\n<\/div>\n<div id=\"\" class=\"brz-css-bhHXL brz-css-tyIHb brz-wrapper\">\n<div class=\"brz-rich-text brz-rich-text__custom brz-css-f1KXF\" data-brz-custom-id=\"qqmgpythqykwcvhgdcwflxfvwqxvqbttjdyl\">\n<div data-brz-translate-text=\"1\">\n<p class=\"brz-tp-heading4 brz-text-xs-center brz-css-dbop6\">Treehouse<\/p>\n<\/div>\n<\/div>\n<\/div>\n<div id=\"\" class=\"brz-css-bhHXL brz-css-bV_oL brz-wrapper\">\n<div class=\"brz-rich-text brz-rich-text__custom brz-css-f1KXF\" data-brz-custom-id=\"xwwkozkzsrmnakrbdihrrvorxvmjormliogy\">\n<div data-brz-translate-text=\"1\">\n<p class=\"brz-text-xs-center brz-mb-xs-20 brz-tp-lg-paragraph brz-css-gr0rA\" data-uniq-id=\"pbwsk\" data-generated-css=\"brz-css-esvti\"><span class=\"brz-cp-color2\">Treehouse \u2013 Sundeck, one large room <\/span><\/p>\n<p class=\"brz-text-xs-center brz-mb-xs-20 brz-tp-lg-paragraph brz-css-pyP8Q\" data-uniq-id=\"ptdsd\" data-generated-css=\"brz-css-kpqad\"><span class=\"brz-cp-color2\">with a mezzanine sleeping area.<\/span><\/p>\n<p class=\"brz-text-xs-center brz-mb-xs-20 brz-tp-lg-paragraph brz-css-yzWvx\" data-uniq-id=\"nxxqf\" data-generated-css=\"brz-css-frkib\"><span class=\"brz-cp-color2\">NB! Ladder to access the mezzanine level. Sauna. <\/span><\/p>\n<\/div>\n<\/div>\n<\/div>\n<\/div>\n<\/div>\n<div class=\"brz-columns brz-css-l0M2p brz-css-hbCqL\" data-brz-custom-id=\"tpbelqrauktnnxsdkgyhrxjweqvgtanplwru\">\n<div class=\"brz-bg\"><\/div>\n<div class=\"brz-column__items brz-css-qUEjJ brz-css-lqLL1\">\n<div id=\"\" class=\"brz-css-bhHXL brz-css-pOXwV brz-wrapper\">\n<div class=\"brz-spacer brz-css-vCmuL brz-css-oy5PF\"><\/div>\n<\/div>\n<div class=\"brz-wrapper-clone brz-css-dnZdP\">\n<div class=\"brz-d-xs-flex brz-flex-xs-wrap brz-css-ftc2F brz-css-cdjs7\" data-brz-custom-id=\"\">\n<div class=\"brz-wrapper-clone__item\" id=\"jcqnfovpmaqwbejuqszsjqontpjtettzvltn\">\n<div class=\"brz-icon__container\" data-brz-custom-id=\"jcqnfovpmaqwbejuqszsjqontpjtettzvltn\"><span class=\"brz-icon brz-span brz-css-f0x6U brz-css-kbcOG\"><\/span><\/div>\n<\/div>\n<\/div>\n<\/div>\n<div id=\"\" class=\"brz-css-bhHXL brz-css-j7MJY brz-wrapper\">\n<div class=\"brz-rich-text brz-rich-text__custom brz-css-f1KXF\" data-brz-custom-id=\"dqxndpndjtthdztucprltzsplgvqmsgllsjf\">\n<div data-brz-translate-text=\"1\">\n<p class=\"brz-tp-heading4 brz-text-xs-center brz-css-mBsXw\">Jungle treehouse <\/p>\n<\/div>\n<\/div>\n<\/div>\n<div id=\"\" class=\"brz-css-bhHXL brz-css-bihpP brz-wrapper\">\n<div class=\"brz-rich-text brz-rich-text__custom brz-css-f1KXF\" data-brz-custom-id=\"knkpumkxwwndmrfxirfircrxuprouxpxllfk\">\n<div data-brz-translate-text=\"1\">\n<p class=\"brz-text-xs-center brz-tp-lg-paragraph brz-mb-xs-20 brz-css-vuS5W\" data-uniq-id=\"gypta\" data-generated-css=\"brz-css-emhqi\"><span class=\"brz-cp-color2\">Jungle Treehouse \u2013 outdoor fireplace, living-room, sleeping area on upper level. Sauna.<\/span><\/p>\n<\/div>\n<\/div>\n<\/div>\n<\/div>\n<\/div>\n<div class=\"brz-columns brz-css-l0M2p brz-css-grbaY\" data-brz-custom-id=\"gxhkmxpyfaaphfnliaewmkmvxdrygrompctd\">\n<div class=\"brz-bg\"><\/div>\n<div class=\"brz-column__items brz-css-qUEjJ brz-css-siFGt\">\n<div id=\"\" class=\"brz-css-bhHXL brz-css-pOXwV brz-wrapper\">\n<div class=\"brz-spacer brz-css-vCmuL brz-css-oZUMu\"><\/div>\n<\/div>\n<div class=\"brz-wrapper-clone brz-css-dnZdP\">\n<div class=\"brz-d-xs-flex brz-flex-xs-wrap brz-css-ftc2F brz-css-fjqdn\" data-brz-custom-id=\"\">\n<div class=\"brz-wrapper-clone__item\" id=\"lkcdurkianycgywhbqfssvieienyqxjcembc\">\n<div class=\"brz-icon__container\" data-brz-custom-id=\"lkcdurkianycgywhbqfssvieienyqxjcembc\"><span class=\"brz-icon brz-span brz-css-f0x6U brz-css-z6E_Y\"><\/span><\/div>\n<\/div>\n<\/div>\n<\/div>\n<div id=\"\" class=\"brz-css-bhHXL brz-css-abxSl brz-wrapper\">\n<div class=\"brz-rich-text brz-rich-text__custom brz-css-f1KXF\" data-brz-custom-id=\"zdutwbcabsnnyqzeappiqqakuvtombgpabos\">\n<div data-brz-translate-text=\"1\">\n<p class=\"brz-tp-heading4 brz-text-xs-center brz-css-j0gT5\">Forest treehouse <\/p>\n<\/div>\n<\/div>\n<\/div>\n<div id=\"\" class=\"brz-css-bhHXL brz-css-nSFZz brz-wrapper\">\n<div class=\"brz-rich-text brz-rich-text__custom brz-css-f1KXF\" data-brz-custom-id=\"bvzgfngwhoygjsegzowbdnztxerhogmffoyg\">\n<div data-brz-translate-text=\"1\">\n<p class=\"brz-text-xs-center brz-mb-xs-20 brz-tp-lg-paragraph brz-css-pgttk\" data-uniq-id=\"pjukr\" data-generated-css=\"brz-css-dovnz\"><span class=\"brz-cp-color2\">Forest Treehouse \u2013 our most privately located treehouse. Rope bridge access, one room with a fireplace and sleeping area. Sauna.<\/span><\/p>\n<\/div>\n<\/div>\n<\/div>\n<\/div>\n<\/div>\n<div class=\"brz-columns brz-css-l0M2p brz-css-gfUsV\" data-brz-custom-id=\"qgfjxotgpsiyjkogecqylyfbjxrhkrraeuuy\">\n<div class=\"brz-bg\"><\/div>\n<div class=\"brz-column__items brz-css-qUEjJ brz-css-kNBN5\">\n<div id=\"\" class=\"brz-css-bhHXL brz-css-pOXwV brz-wrapper\">\n<div class=\"brz-spacer brz-css-vCmuL brz-css-hBqaH\"><\/div>\n<\/div>\n<div class=\"brz-wrapper-clone brz-css-dnZdP\">\n<div class=\"brz-d-xs-flex brz-flex-xs-wrap brz-css-ftc2F brz-css-qK_TT\" data-brz-custom-id=\"\">\n<div class=\"brz-wrapper-clone__item\" id=\"raljsuenpqykealgsjldygnnohkfuybicahj\">\n<div class=\"brz-icon__container\" data-brz-custom-id=\"raljsuenpqykealgsjldygnnohkfuybicahj\"><span class=\"brz-icon brz-span brz-css-f0x6U brz-css-yFPnU\"><\/span><\/div>\n<\/div>\n<\/div>\n<\/div>\n<div id=\"\" class=\"brz-css-bhHXL brz-css-nb5rz brz-wrapper\">\n<div class=\"brz-rich-text brz-rich-text__custom brz-css-f1KXF\" data-brz-custom-id=\"loxgtnxievwbosevpbyqgwxfzzpvcpsqbqto\">\n<div data-brz-translate-text=\"1\">\n<p class=\"brz-text-xs-center brz-tp-lg-heading4 brz-css-to54L\" data-uniq-id=\"etvfh\" data-generated-css=\"brz-css-ocscn\">Treesauna<\/p>\n<\/div>\n<\/div>\n<\/div>\n<div id=\"\" class=\"brz-css-bhHXL brz-css-c20_k brz-wrapper\">\n<div class=\"brz-rich-text brz-rich-text__custom brz-css-f1KXF\" data-brz-custom-id=\"oztpawesjoxzoeoumtbraemzhhkjbnugmbhz\">\n<div data-brz-translate-text=\"1\">\n<p class=\"brz-tp-lg-paragraph brz-css-uOBf9\" data-generated-css=\"brz-css-lyfhq\" data-uniq-id=\"vqknt\">A sauna with an anteroom and a steam room at the top of a tree. The shower and toilet are under the roof, with a view of the forest in the open air. Both the steam room and the anteroom have large windows with a great view of the forest.<\/p>\n<\/div>\n<\/div>\n<\/div>\n<\/div>\n<\/div>\n<\/div>\n<\/div>\n<div id=\"\" class=\"brz-css-bhHXL brz-css-pOXwV brz-wrapper\">\n<div class=\"brz-spacer brz-css-vCmuL brz-css-mPHbN\"><\/div>\n<\/div>\n<\/div>\n<\/div>\n<\/section>\n<section id=\"obxucdrjkvswqgdzcdmcirhemajbctemtnuz\" class=\"brz-section brz-css-h234r\">\n<div class=\"brz-section__content brz-section--boxed brz-css-eXcIM brz-css-fkQim\" data-brz-custom-id=\"cmumanlbjrdqayumpluqpwknwlbwftbgssun\">\n<div class=\"brz-bg\">\n<div class=\"brz-bg-color\"><\/div>\n<\/div>\n<div class=\"brz-container brz-css-rQMfh\">\n<div id=\"\" class=\"brz-css-bhHXL brz-css-pOXwV brz-wrapper\">\n<div class=\"brz-spacer brz-css-vCmuL\"><\/div>\n<\/div>\n<div id=\"\" class=\"brz-css-bhHXL brz-css-qHo0L brz-wrapper\">\n<div class=\"brz-rich-text brz-rich-text__custom brz-css-f1KXF\" data-brz-custom-id=\"srpfqcovlfivgtyjlzuduirckfumbfvmuwmd\">\n<div data-brz-translate-text=\"1\">\n<ul>\n<li class=\"brz-tp-lg-paragraph brz-bcp-color2 brz-css-aCThj\" data-uniq-id=\"ljbez\" data-generated-css=\"brz-css-qnbgu\"><span class=\"brz-cp-color2\">The cabins are located app. 200 m from each other.<\/span><\/li>\n<li class=\"brz-tp-lg-paragraph brz-bcp-color2 brz-css-wWc_V\" data-uniq-id=\"vhxif\" data-generated-css=\"brz-css-cjbwo\"><span class=\"brz-cp-color2\">The swimming place is located approx. 150 m from the houses.<\/span><\/li>\n<li class=\"brz-tp-lg-paragraph brz-bcp-color2 brz-css-mMPCw\" data-uniq-id=\"rsgop\" data-generated-css=\"brz-css-clfkr\"><span class=\"brz-cp-color2\">45 min drive from the Tallinn city center, Googlemaps and \u201d Sambliku Treehouse\u201d will direct you there.<\/span><\/li>\n<li class=\"brz-tp-lg-paragraph brz-bcp-color2 brz-css-lKyp0 translation-block\" data-uniq-id=\"iliex\" data-generated-css=\"brz-css-zqqgl\">Treesauna check-in at 18:00, check-out at 12:00<\/li>\n<li class=\"brz-tp-lg-paragraph brz-bcp-color2 brz-css-zbIdj\" data-uniq-id=\"isxgd\" data-generated-css=\"brz-css-onjxn\">Treesauna <em class=\"brz-cp-color2\">check-in<\/em><span class=\"brz-cp-color2\"> at 18:00\u201321:00 <\/span><em class=\"brz-cp-color2\">check-out<\/em><span class=\"brz-cp-color2\"> at 12:00<\/span><\/li>\n<li class=\"brz-tp-lg-paragraph brz-bcp-color2 brz-css-lU4vq\" data-uniq-id=\"abwsh\" data-generated-css=\"brz-css-wvrqn\"><span class=\"brz-cp-color2\">Closest shop \u2013 7 km<\/span><\/li>\n<li class=\"brz-tp-lg-paragraph brz-css-bTeyI\" data-uniq-id=\"abwsh\" data-generated-css=\"brz-css-wvrqn\"><span>For an additional fee, you can rent a barrel sauna, ride a kayak and a paddleboard, have a breakfast and pizza in the evening - see the activities section for more information.<\/span><\/li>\n<li class=\"brz-tp-lg-paragraph brz-bcp-color2 brz-css-lECQY\" data-uniq-id=\"goctd\" data-generated-css=\"brz-css-fphzb\"><span class=\"brz-cp-color2\">We take breakfast and pizza orders at least 1 day before arrival. <\/span><\/li>\n<li class=\"brz-tp-lg-paragraph brz-bcp-color2 brz-css-a6enz\" data-uniq-id=\"tjryd\" data-generated-css=\"brz-css-xnwsp\"><span class=\"brz-cp-color2\">Breakfast is at 9.00 and will be brought to your house<\/span><\/li>\n<li class=\"brz-tp-lg-paragraph brz-bcp-color2 brz-css-xaHfu\" data-uniq-id=\"wfilm\" data-generated-css=\"brz-css-qelxp\"><span class=\"brz-cp-color2\">Pizzas are prepared at 19.00<\/span><\/li>\n<li class=\"brz-tp-lg-paragraph brz-bcp-color2 brz-css-rFyxK\" data-uniq-id=\"sawam\" data-generated-css=\"brz-css-hzcvu\"><span class=\"brz-cp-color2\">Worth visiting places, only 30 min drive - Rabivere bog hiking trail, Rummu quarry and Keila Joa.<\/span><\/li>\n<\/ul>\n<p class=\"brz-tp-lg-paragraph brz-css-xNEfV\" data-uniq-id=\"lxsyp\" data-generated-css=\"brz-css-vedpg\"><span class=\"brz-cp-color2\"> <\/span><\/p>\n<p class=\"brz-tp-lg-heading5 brz-css-s4mNR\" data-uniq-id=\"fhsue\" data-generated-css=\"brz-css-arlhw\"><span class=\"brz-cp-color3\">Treehouse rules<\/span><\/p>\n<p class=\"brz-tp-lg-paragraph brz-css-yLqYP\" data-uniq-id=\"xrrqo\" data-generated-css=\"brz-css-tyrvi\"><span class=\"brz-cp-color2\"> <\/span><\/p>\n<p class=\"brz-tp-lg-paragraph brz-css-tUjBE\" data-uniq-id=\"hbpqu\" data-generated-css=\"brz-css-ofbvg\"><span class=\"brz-cp-color2\">Additional guests are not allowed, the treehouses are up in the trees and have a weight limit.<\/span><\/p>\n<p class=\"brz-tp-lg-paragraph brz-css-aT1MA\" data-uniq-id=\"avgeu\" data-generated-css=\"brz-css-rukbz\"><span class=\"brz-cp-color1\">For adults only. <\/span><\/p>\n<p class=\"brz-tp-lg-paragraph brz-css-bkxAD\" data-uniq-id=\"sxtkr\" data-generated-css=\"brz-css-gdmly\"><span class=\"brz-cp-color2\">Pets are not allowed as we do not have separate cabins for guests with allergies.<\/span><\/p>\n<p class=\"brz-tp-lg-paragraph brz-css-o1is4\" data-uniq-id=\"avpjg\" data-generated-css=\"brz-css-nwgzu\"><span class=\"brz-cp-color2\">We kindly ask you not to disturb the tranquility \u2013 please avoid playing loud music!<\/span><\/p>\n<p class=\"brz-tp-lg-paragraph brz-css-mPkN4\" data-uniq-id=\"uapwt\" data-generated-css=\"brz-css-lpsgf\"><span class=\"brz-cp-color2\"> <\/span><\/p>\n<p class=\"brz-tp-lg-paragraph brz-css-xH0e1\" data-uniq-id=\"dvswk\" data-generated-css=\"brz-css-tcwtk\"><span class=\"brz-cp-color2\">We live nearby and therefore can welcome You personally.<\/span><\/p>\n<p class=\"brz-tp-lg-paragraph brz-css-okOAv\" data-uniq-id=\"glhlg\" data-generated-css=\"brz-css-fkjfj\"><span class=\"brz-cp-color2\">Sincerely,<\/span><\/p>\n<p class=\"brz-tp-lg-paragraph brz-css-m3YsR\" data-uniq-id=\"xozjq\" data-generated-css=\"brz-css-twghf\"><span class=\"brz-cp-color2\"> <\/span><\/p>\n<p class=\"brz-tp-lg-heading5 brz-css-pksx4\" data-uniq-id=\"oufpx\" data-generated-css=\"brz-css-pwuaf\"><span class=\"brz-cp-color3\">Espar &amp; Kirsti<\/span><\/p>\n<\/div>\n<\/div>\n<\/div>\n<\/div>\n<\/div>\n<\/section>\n<\/div>\n<p>    <!-- version:1722195860 --><\/p>","protected":false},"excerpt":{"rendered":"<p>Tore, et olete meie puumaju m\u00e4rganud! LISAINFO BRONEERIJALE Et teaksite, mida oodata ja Teil oleks mugavam tulla, jagame natukene lisainformatsiooni. Meil on 3 puumaja ja puusaun\u2013 igal majal on grilliala, k\u00f6\u00f6ginurk k\u00fclmiku, pliidi ja veekannuga. Majades on WC, du\u0161iruum, r\u00e4tikud ja voodiriided. Puumaja Puumaja \u2013 p\u00e4ikset\u00f5usu terrassiga, 1 suurem tuba kahel tasandil. NB! Redel magamistasandile [&hellip;]<\/p>\n","protected":false},"author":1,"featured_media":0,"parent":0,"menu_order":0,"comment_status":"closed","ping_status":"closed","template":"brizy-blank-template.php","meta":{"footnotes":""},"class_list":["post-350","page","type-page","status-publish","hentry"],"brizy_media":[{"id":181,"url":"https:\/\/testsite.treehouseestonia.ee\/wp-content\/uploads\/2021\/02\/Treehouseestonia-loojang.jpg","name":"Treehouseestonia-loojang.jpg","meta":{"brizy_attachment_uid":"wp-c648731de0323dcc8135b6e09bbead45.jpg","brizy_post_uid":["0ac713c6fe6aaf9dd393713e7b62a5d4","02c3a8cd9cfcd116fb959150e5d76d93","5ee69893161784152ddd2f4f37811948"]}},{"id":184,"url":"https:\/\/testsite.treehouseestonia.ee\/wp-content\/uploads\/2021\/02\/Treehouseestonia-loodus-2.jpg","name":"Treehouseestonia-loodus-2.jpg","meta":{"brizy_attachment_uid":"wp-6fc77eb7a31b8e0533ec21a6b606cddf.jpg","brizy_post_uid":["0ac713c6fe6aaf9dd393713e7b62a5d4","5ee69893161784152ddd2f4f37811948","a3b654a59fa4f048a52749f716737429"]}},{"id":186,"url":"https:\/\/testsite.treehouseestonia.ee\/wp-content\/uploads\/2021\/02\/Treehouseestonia-loodus-4.jpg","name":"Treehouseestonia-loodus-4.jpg","meta":{"brizy_attachment_uid":"wp-bf880952eda96b6a90918df07ffb2193.jpg","brizy_post_uid":["0ac713c6fe6aaf9dd393713e7b62a5d4","5ee69893161784152ddd2f4f37811948"]}},{"id":784,"url":"https:\/\/testsite.treehouseestonia.ee\/wp-content\/uploads\/2021\/02\/Treehouseestonia-puumaja-valjast.jpg","name":"Treehouseestonia-puumaja-valjast.jpg","meta":{"brizy_attachment_uid":"wp-decbfaacba8c35e3ba25202ccf246e37.jpg","brizy_post_uid":["02c3a8cd9cfcd116fb959150e5d76d93","5ee69893161784152ddd2f4f37811948","0ac713c6fe6aaf9dd393713e7b62a5d4"]}},{"id":1398,"url":"https:\/\/testsite.treehouseestonia.ee\/wp-content\/uploads\/2021\/03\/metsa-terrass.jpg","name":"metsa-terrass.jpg","meta":{"brizy_attachment_uid":"wp-19416fa6c73fca0c695c687c65b6821d.jpg","brizy_post_uid":["02c3a8cd9cfcd116fb959150e5d76d93","5ee69893161784152ddd2f4f37811948","36dda1997b4c91d857d000effe3900b5","40534f8c0faf19e98e217353c8fedbd7"]}}],"_links":{"self":[{"href":"https:\/\/testsite.treehouseestonia.ee\/en\/wp-json\/wp\/v2\/pages\/350","targetHints":{"allow":["GET"]}}],"collection":[{"href":"https:\/\/testsite.treehouseestonia.ee\/en\/wp-json\/wp\/v2\/pages"}],"about":[{"href":"https:\/\/testsite.treehouseestonia.ee\/en\/wp-json\/wp\/v2\/types\/page"}],"author":[{"embeddable":true,"href":"https:\/\/testsite.treehouseestonia.ee\/en\/wp-json\/wp\/v2\/users\/1"}],"replies":[{"embeddable":true,"href":"https:\/\/testsite.treehouseestonia.ee\/en\/wp-json\/wp\/v2\/comments?post=350"}],"version-history":[{"count":30,"href":"https:\/\/testsite.treehouseestonia.ee\/en\/wp-json\/wp\/v2\/pages\/350\/revisions"}],"predecessor-version":[{"id":11436,"href":"https:\/\/testsite.treehouseestonia.ee\/en\/wp-json\/wp\/v2\/pages\/350\/revisions\/11436"}],"wp:attachment":[{"href":"https:\/\/testsite.treehouseestonia.ee\/en\/wp-json\/wp\/v2\/media?parent=350"}],"curies":[{"name":"wp","href":"https:\/\/api.w.org\/{rel}","templated":true}]}}