{"id":352,"date":"2021-02-20T04:39:15","date_gmt":"2021-02-20T04:39:15","guid":{"rendered":"https:\/\/testsite.treehouseestonia.ee\/?page_id=352"},"modified":"2026-03-03T16:59:09","modified_gmt":"2026-03-03T16:59:09","slug":"kinkekaart","status":"publish","type":"page","link":"https:\/\/testsite.treehouseestonia.ee\/en\/kinkekaart\/","title":{"rendered":"Gift card"},"content":{"rendered":"<div class=\"brz-root__container brz-reset-all brz\">\n<section id=\"kisqbmjxluuhhzcieqbmfqrkvpzgpfmpbnjg\" class=\"brz-section brz-css-nhMMu\">\n<div class=\"brz-section__content brz-section--boxed brz-css-ofb83 brz-css-iZkXL\" data-brz-custom-id=\"ybhwvjyxrjxmrismpvnhpwyivwmzaglvgfuf\">\n<div class=\"brz-bg\">\n<div class=\"brz-bg-color\"><\/div>\n<\/div>\n<div class=\"brz-container brz-css-cxy51 brz-css-kdV8L\">\n<div class=\"brz-row__container brz-css-w90qn\" data-brz-custom-id=\"yngcszpuoipmxcdjmnyifowyzhqzkjewppyl\">\n<div class=\"brz-bg\"><\/div>\n<div class=\"brz-row brz-css-mKO9z brz-css-a2jq_\">\n<div class=\"brz-columns brz-css-dsalQ brz-css-oXKTy\" data-brz-custom-id=\"bloqlhepeoggurltgvisrwtdnsylfjggapkr\">\n<div class=\"brz-bg\"><\/div>\n<div class=\"brz-column__items brz-css-oEyGY brz-css-aSo76\">\n<div id=\"\" class=\"brz-css-bKMie brz-wrapper\">\n<div class=\"brz-image brz-css-s_XBz\" data-brz-custom-id=\"xgsochivrmtbsinbfocjcsvyukyaymgbiacz\"><img decoding=\"async\" class=\"brz-img\" src=\"https:\/\/testsite.treehouseestonia.ee\/wp-content\/uploads\/brizy\/imgs\/Kinkekaardid-4-608x406x33x0x543x406x1635710681.jpg\" alt=\"\" loading=\"lazy\"><\/div>\n<\/div>\n<\/div>\n<\/div>\n<div class=\"brz-columns brz-css-dsalQ brz-css-lB9F6\" data-brz-custom-id=\"pjeqcitbasjyuqnfmpxvigckijccdqafnvqe\">\n<div class=\"brz-bg\"><\/div>\n<div class=\"brz-column__items brz-css-oEyGY brz-css-s3qXJ\">\n<div id=\"\" class=\"brz-css-bKMie brz-wrapper\">\n<div class=\"brz-rich-text brz-rich-text__custom brz-css-kfgEl\" data-brz-custom-id=\"pztbhtmdehnuqjhelrfajeddddqnhbtkblao\">\n<div data-brz-translate-text=\"1\">\n<h1 class=\"brz-fs-lg-72 brz-fs-sm-im-56 brz-fs-xs-im-44 brz-ls-lg-0 brz-ls-sm-im-0 brz-ls-xs-im-0 brz-ff-fira_sans brz-ft-google brz-fw-lg-500 brz-fw-sm-im-500 brz-fw-xs-im-500 brz-lh-lg-1_3 brz-lh-sm-im-1_3 brz-lh-xs-im-1_2 brz-css-hunNM\"><span class=\"brz-cp-color3\">The best gift is an experience!<\/span><\/h1>\n<\/div>\n<\/div>\n<\/div>\n<div id=\"\" class=\"brz-css-bKMie brz-css-wESP_ brz-css-aW4zB brz-wrapper\">\n<div class=\"brz-spacer brz-css-e5woV brz-css-eZo3p\"><\/div>\n<\/div>\n<div class=\"brz-row__container brz-css-w90qn\" data-brz-custom-id=\"pxjrvvkxptnuywsnejkdniymtiuoauyfjaqd\">\n<div class=\"brz-bg\"><\/div>\n<div class=\"brz-row brz-row--inner brz-css-mKO9z brz-css-a2jq_\">\n<div class=\"brz-columns brz-css-dsalQ brz-css-ju6rq\" data-brz-custom-id=\"bvxxnymczjaeqzhgnmflsjfhomwntpgcnjtz\">\n<div class=\"brz-bg\"><\/div>\n<div class=\"brz-column__items brz-css-oEyGY brz-css-vFYQx\">\n<div id=\"\" class=\"brz-css-bKMie brz-wrapper\">\n<div class=\"brz-rich-text brz-rich-text__custom brz-css-kfgEl\" data-brz-custom-id=\"swfqmcdocnuudtzcrwfztvrvcpmjohfezgip\">\n<div data-brz-translate-text=\"1\">\n<p class=\"brz-fw-xs-im-400 brz-fw-sm-im-400 brz-fw-lg-400 brz-ft-google brz-ff-fira_sans brz-ls-xs-im-0 brz-ls-sm-im-0 brz-ls-lg-0 brz-fs-xs-im-15 brz-fs-sm-im-15 brz-fs-lg-16 brz-lh-xs-im-1_7 brz-lh-sm-im-1_7 brz-lh-lg-1_8 brz-css-zVYqO\"><span class=\"brz-cp-color6\">Want to surprise your friend? <\/span><\/p>\n<p class=\"brz-fw-xs-im-300 brz-fw-sm-im-300 brz-fw-lg-300 brz-ft-google brz-ff-fira_sans brz-ls-xs-im-0 brz-ls-sm-im-0 brz-ls-lg-0 brz-fs-xs-im-15 brz-fs-sm-im-15 brz-fs-lg-16 brz-lh-xs-im-1_7 brz-lh-sm-im-1_7 brz-lh-lg-1_8 brz-css-vIflc\"><span class=\"brz-cp-color6\">Surprise him\/her with a Treehouseestonia gift card. The gift card includes accommodation + use of the sauna.<\/span><\/p>\n<p class=\"brz-fw-xs-im-300 brz-fw-sm-im-300 brz-fw-lg-300 brz-ft-google brz-ff-fira_sans brz-ls-xs-im-0 brz-ls-sm-im-0 brz-ls-lg-0 brz-fs-xs-im-15 brz-fs-sm-im-15 brz-fs-lg-16 brz-lh-xs-im-1_7 brz-lh-sm-im-1_7 brz-lh-lg-1_8 brz-css-uC3bZ\"><span class=\"brz-cp-color6\"> <\/span><\/p>\n<p class=\"brz-tp-subtitle brz-css-cQWi2\"><span class=\"brz-cp-color6\">PRICE \u20ac 200\/1 night <\/span><\/p>\n<\/div>\n<\/div>\n<\/div>\n<\/div>\n<\/div>\n<\/div>\n<\/div>\n<div id=\"\" class=\"brz-css-bKMie brz-css-wESP_ brz-css-tCHw3 brz-wrapper\">\n<div class=\"brz-spacer brz-css-e5woV brz-css-pzDz8\"><\/div>\n<\/div>\n<div class=\"brz-row__container brz-css-w90qn\" data-brz-custom-id=\"hfohqrinigymsfgsrzbrrjhvhwcvdeewwnmc\">\n<div class=\"brz-bg\"><\/div>\n<div class=\"brz-row brz-row--inner brz-css-mKO9z brz-css-a2jq_\">\n<div class=\"brz-columns brz-css-dsalQ brz-css-dqjEL\" data-brz-custom-id=\"nixzemifriacszmzawktiimhdztmsuppubxw\">\n<div class=\"brz-bg\"><\/div>\n<div class=\"brz-column__items brz-css-oEyGY brz-css-rFYsi\">\n<div class=\"brz-wrapper-clone brz-css-zlQn6 brz-css-atmqW\">\n<div class=\"brz-d-xs-flex brz-flex-xs-wrap brz-css-pQ4fn brz-css-c18jA\" data-brz-custom-id=\"\">\n<div class=\"brz-wrapper-clone__item\" id=\"lspqbhkxvxfwfgcfrhkvonxzobmvbhgjjpyn\"><a class=\"brz-a brz-anchor brz-btn brz-css-jWFCR brz-css-nAAA1\" href=\"#tckoqvaqpweapmyuhrhymvcukqemtbrntirg\" target=\"_self\" rel=\"noopener\" data-brz-link-type=\"anchor\" data-brz-custom-id=\"lspqbhkxvxfwfgcfrhkvonxzobmvbhgjjpyn\"><span data-brz-translate-text=\"1\" class=\"brz-span brz-text__editor\">Contact us<\/span><\/a><\/div>\n<\/div>\n<\/div>\n<\/div>\n<\/div>\n<\/div>\n<\/div>\n<\/div>\n<\/div>\n<\/div>\n<\/div>\n<\/div>\n<\/div>\n<\/section>\n<\/div>\n<p>    <!-- version:1722256776 --><\/p>","protected":false},"excerpt":{"rendered":"<p>Parim kingitus on elamus! Soovid oma s\u00f5pra \u00fcllatada? \u00dcllata teda Treehouseestonia kinkekaardiga. Kinkekaart sisaldab \u00f6\u00f6bimist + sauna kasutamist. HIND 200 \u20ac \/1 \u00f6\u00f6 V\u00f5ta meiega \u00fchendust<\/p>","protected":false},"author":1,"featured_media":0,"parent":0,"menu_order":0,"comment_status":"closed","ping_status":"closed","template":"brizy-blank-template.php","meta":{"footnotes":""},"class_list":["post-352","page","type-page","status-publish","hentry"],"brizy_media":[{"id":1822,"url":"https:\/\/testsite.treehouseestonia.ee\/wp-content\/uploads\/2021\/03\/Kinkekaart-treehouse-3maja-2020-100x150mm-2-1536x1095-1.jpg","name":"Kinkekaart-treehouse-3maja-2020-100x150mm-2-1536x1095-1.jpg","meta":{"brizy_attachment_uid":"wp-337f396951ce0087a48988dc78c7414f.jpg","brizy_post_uid":["6fe57b777b0cb4a153403bb3369d1ee3"]}},{"id":10744,"url":"https:\/\/testsite.treehouseestonia.ee\/wp-content\/uploads\/2021\/10\/Kinkekaardid-4.jpg","name":"Kinkekaardid-4.jpg","meta":{"brizy_attachment_uid":"wp-cdea93cac9372ef78bd1815200630137.jpg","brizy_post_uid":["6fe57b777b0cb4a153403bb3369d1ee3"]}}],"_links":{"self":[{"href":"https:\/\/testsite.treehouseestonia.ee\/en\/wp-json\/wp\/v2\/pages\/352","targetHints":{"allow":["GET"]}}],"collection":[{"href":"https:\/\/testsite.treehouseestonia.ee\/en\/wp-json\/wp\/v2\/pages"}],"about":[{"href":"https:\/\/testsite.treehouseestonia.ee\/en\/wp-json\/wp\/v2\/types\/page"}],"author":[{"embeddable":true,"href":"https:\/\/testsite.treehouseestonia.ee\/en\/wp-json\/wp\/v2\/users\/1"}],"replies":[{"embeddable":true,"href":"https:\/\/testsite.treehouseestonia.ee\/en\/wp-json\/wp\/v2\/comments?post=352"}],"version-history":[{"count":29,"href":"https:\/\/testsite.treehouseestonia.ee\/en\/wp-json\/wp\/v2\/pages\/352\/revisions"}],"predecessor-version":[{"id":13150,"href":"https:\/\/testsite.treehouseestonia.ee\/en\/wp-json\/wp\/v2\/pages\/352\/revisions\/13150"}],"wp:attachment":[{"href":"https:\/\/testsite.treehouseestonia.ee\/en\/wp-json\/wp\/v2\/media?parent=352"}],"curies":[{"name":"wp","href":"https:\/\/api.w.org\/{rel}","templated":true}]}}