{"id":1929,"date":"2021-03-23T07:46:10","date_gmt":"2021-03-23T07:46:10","guid":{"rendered":"https:\/\/testsite.treehouseestonia.ee\/?page_id=1929"},"modified":"2026-03-03T13:24:39","modified_gmt":"2026-03-03T13:24:39","slug":"tegevused","status":"publish","type":"page","link":"https:\/\/testsite.treehouseestonia.ee\/et\/tegevused\/","title":{"rendered":"Tegevused"},"content":{"rendered":"<div class=\"brz-root__container brz-reset-all brz\">\n<section id=\"vgrnpiiejkjyxfvxhsultxvyrtrllrzdimcl\" class=\"brz-section brz-css-sMsaS\">\n<div class=\"brz-section__content brz-section--boxed brz-css-oz50K brz-css-qaGFd\" data-brz-custom-id=\"fjyigfsvevkdpxqquwggcyhcmantppudvkse\">\n<div class=\"brz-bg\">\n<div class=\"brz-bg-color\"><\/div>\n<\/div>\n<div class=\"brz-container brz-css-tUpo1\">\n<div class=\"brz-row__container brz-css-cgYWu\" data-brz-custom-id=\"ihcegqhrwnaqtsbknekdqndrczfvipopqlvd\">\n<div class=\"brz-bg\"><\/div>\n<div class=\"brz-row brz-css-sOJ7T brz-css-oE9Yu\">\n<div class=\"brz-columns brz-css-zO4Vz brz-css-mejBl\" data-brz-custom-id=\"sbkrkmrdlbkfxolcywasghcumljyqepwauqf\">\n<div class=\"brz-bg\"><\/div>\n<div class=\"brz-column__items brz-css-hlHok brz-css-ePLfW\">\n<div id=\"\" class=\"brz-css-vcXnE brz-wrapper\">\n<div class=\"brz-image brz-css-r5nq1 brz-css-zjIKN\" data-brz-custom-id=\"hbbvpecozpdmtwoqyaqbbrvgvdvlqfjolxlf\"><img decoding=\"async\" class=\"brz-img\" src=\"https:\/\/testsite.treehouseestonia.ee\/wp-content\/uploads\/brizy\/imgs\/Treehouseestonia-breakfast-648x365x229x17x360x301x1621233985.jpg\" alt=\"\" loading=\"lazy\"><\/div>\n<\/div>\n<div id=\"\" class=\"brz-css-vcXnE brz-wrapper\">\n<div class=\"brz-rich-text brz-rich-text__custom brz-css-seyy5\" data-brz-custom-id=\"yuhgsbwwqpouhtzaumwykgvdlnmwtdqnflbk\">\n<div data-brz-translate-text=\"1\">\n<h4 class=\"brz-text-xs-center brz-tp-lg-heading4 brz-css-h812d\" data-uniq-id=\"ilaqa\" data-generated-css=\"brz-css-fcqod\"><span class=\"brz-cp-color3\">Hommikus\u00f6\u00f6k <\/span><\/h4>\n<\/div>\n<\/div>\n<\/div>\n<div id=\"\" class=\"brz-css-vcXnE brz-css-naMxv brz-wrapper\">\n<div class=\"brz-rich-text brz-rich-text__custom brz-css-seyy5\" data-brz-custom-id=\"zxmwsrjlyirszgydrteaeiwabapggvqsdpnq\">\n<div data-brz-translate-text=\"1\">\n<p class=\"brz-tp-lg-paragraph brz-css-jRbOI\" data-uniq-id=\"coppw\" data-generated-css=\"brz-css-vhsqw\"><span class=\"brz-cp-color2\">Rikkalik hommikus\u00f6\u00f6k. Mis saab olla paremat kui \u00fcks korralik k\u00f5hut\u00e4is enne p\u00e4eva algust. Andke palun oma soovist teada v\u00e4hemalt p\u00e4ev enne saabumist. Hommikus\u00f6\u00f6ki pakume kell 9:00.<\/span><\/p>\n<p class=\"brz-tp-lg-paragraph brz-css-jfi9d\" data-uniq-id=\"svmxm\" data-generated-css=\"brz-css-eaxsp\"><\/p>\n<p data-generated-css=\"brz-css-uqnbj\" data-uniq-id=\"pdhkx\" class=\"brz-tp-lg-heading6 brz-css-e_mI2\"><strong>HIND 15 EUR\/INIMENE<\/strong><\/p>\n<\/div>\n<\/div>\n<\/div>\n<\/div>\n<\/div>\n<div class=\"brz-columns brz-css-zO4Vz brz-css-rhqHU\" data-brz-custom-id=\"ralyzkvahmjvpuqduficpnaadvfdckbdweuk\">\n<div class=\"brz-column__items brz-css-hlHok brz-css-xN6Mq\">\n<div id=\"\" class=\"brz-css-vcXnE brz-wrapper\">\n<div class=\"brz-image brz-css-u132c brz-css-qEKy_\" data-brz-custom-id=\"uizyvjyrllehllyqmilsmqpykekparxwgggc\"><img decoding=\"async\" class=\"brz-img\" src=\"https:\/\/testsite.treehouseestonia.ee\/wp-content\/uploads\/brizy\/imgs\/Treehouseestonia-pizza-692x389x166x45x360x299x1621233985.jpg\" alt=\"\" loading=\"lazy\"><\/div>\n<\/div>\n<div id=\"\" class=\"brz-css-vcXnE brz-wrapper\">\n<div class=\"brz-rich-text brz-rich-text__custom brz-css-seyy5\" data-brz-custom-id=\"nxfrcrcmlbexcruslfunxdtuftmkmzidzlsg\">\n<div data-brz-translate-text=\"1\">\n<h4 class=\"brz-text-xs-center brz-tp-lg-heading4 brz-css-khCoc\" data-uniq-id=\"enjrh\" data-generated-css=\"brz-css-oxlsc\"><span class=\"brz-cp-color3\">Pizza <\/span><\/h4>\n<\/div>\n<\/div>\n<\/div>\n<div id=\"\" class=\"brz-css-vcXnE brz-css-ozxes brz-wrapper\">\n<div class=\"brz-rich-text brz-rich-text__custom brz-css-seyy5\" data-brz-custom-id=\"ocwaxtvutpwddpjedupghszljusmwjchxtim\">\n<div data-brz-translate-text=\"1\">\n<p class=\"brz-tp-lg-paragraph brz-css-nVuD7\" data-uniq-id=\"tgizl\" data-generated-css=\"brz-css-djqiw\"><span class=\"brz-cp-color2\">Pakume v\u00f5imalust v\u00e4ikeseks k\u00f5hut\u00e4ieks. Valikus pizza puuk\u00fcttega ahjus. Pizzat k\u00fcpsetame kell 19:00. Andke palun p\u00e4ev varem soovist teada. <\/span><\/p>\n<p class=\"brz-tp-lg-paragraph brz-css-pgaCc\" data-uniq-id=\"daozd\" data-generated-css=\"brz-css-gcpkx\"><span class=\"brz-cp-color2\"> <\/span><\/p>\n<p data-generated-css=\"brz-css-yeqtb\" data-uniq-id=\"afikx\" class=\"brz-tp-lg-heading6 brz-css-fWNQo\"><strong class=\"brz-cp-color2\">HIND 15 EUR\/PIZZA, <\/strong><\/p>\n<p data-generated-css=\"brz-css-yeqtb\" data-uniq-id=\"afikx\" class=\"brz-tp-lg-heading6 brz-css-kS2Xq\"><strong class=\"brz-cp-color2\">miinimum tellimus 2 pizzat <\/strong><\/p>\n<\/div>\n<\/div>\n<\/div>\n<\/div>\n<\/div>\n<div class=\"brz-columns brz-css-zO4Vz brz-css-ri6vF\" data-brz-custom-id=\"gqvshtpfugxifyzrzgadfczhscdgrtvufxzb\">\n<div class=\"brz-column__items brz-css-hlHok brz-css-wqhv6\">\n<div id=\"\" class=\"brz-css-vcXnE brz-wrapper\">\n<div class=\"brz-image brz-css-b5ES9 brz-css-xXwjx\" data-brz-custom-id=\"goviaxofsgbvszwevqkibwuryzrqwbklavjk\"><img decoding=\"async\" class=\"brz-img\" src=\"https:\/\/testsite.treehouseestonia.ee\/wp-content\/uploads\/brizy\/imgs\/6-574x430x0x115x361x303x1621233985.jpg\" alt=\"\" loading=\"lazy\"><\/div>\n<\/div>\n<div id=\"\" class=\"brz-css-vcXnE brz-wrapper\">\n<div class=\"brz-rich-text brz-rich-text__custom brz-css-seyy5\" data-brz-custom-id=\"fysdjvsyslgfnvcrbdlnbdadvriodpzpdsqh\">\n<div data-brz-translate-text=\"1\">\n<h4 class=\"brz-text-xs-center brz-tp-lg-heading4 brz-css-bQSdV\" data-uniq-id=\"fqfeg\" data-generated-css=\"brz-css-ylpjc\"><span class=\"brz-cp-color3\">T\u00fcnnisaun<\/span><\/h4>\n<\/div>\n<\/div>\n<\/div>\n<div id=\"\" class=\"brz-css-vcXnE brz-css-bqdll brz-wrapper\">\n<div class=\"brz-rich-text brz-rich-text__custom brz-css-seyy5\" data-brz-custom-id=\"msealjwogfybnrkthnjwdbgwfbutjahmajgt\">\n<div data-brz-translate-text=\"1\">\n<p class=\"brz-tp-lg-paragraph brz-css-iG6C6\" data-uniq-id=\"hezvl\" data-generated-css=\"brz-css-jigls\"><span class=\"brz-cp-color2\">Hea nautida sauna kuumust <\/span><\/p>\n<p class=\"brz-tp-lg-paragraph brz-css-ciiL3\" data-uniq-id=\"vupks\" data-generated-css=\"brz-css-xcipc\"><span class=\"brz-cp-color2\">39-kraadises vees.<\/span><\/p>\n<p class=\"brz-tp-lg-paragraph brz-css-vVm9w\" data-uniq-id=\"nvopl\" data-generated-css=\"brz-css-gmdik\"><span class=\"brz-cp-color2\">Parim zumisemise paik \u00f5htusel ajal.<\/span><\/p>\n<p class=\"brz-tp-lg-paragraph brz-css-jk8OZ\" data-uniq-id=\"cnvvo\" data-generated-css=\"brz-css-rmddf\"><span class=\"brz-cp-color2\"> <\/span><\/p>\n<p data-generated-css=\"brz-css-oyskj\" data-uniq-id=\"mtumg\" class=\"brz-tp-lg-heading6 brz-css-wbEHE\"><strong class=\"brz-cp-color2\">HIND 70 EUR\/\u00d5HTU <\/strong><\/p>\n<\/div>\n<\/div>\n<\/div>\n<\/div>\n<\/div>\n<\/div>\n<\/div>\n<div class=\"brz-row__container brz-css-cgYWu\" data-brz-custom-id=\"ngvxjcmllcnqsbgstqeucvbplgmjbilbklvd\">\n<div class=\"brz-bg\"><\/div>\n<div class=\"brz-row brz-css-sOJ7T\">\n<div class=\"brz-columns brz-css-zO4Vz brz-css-rhIs7\" data-brz-custom-id=\"byxkibvsfijbevnkogljwdpikrqjuwmtcrpf\">\n<div class=\"brz-bg\"><\/div>\n<div class=\"brz-column__items brz-css-hlHok\">\n<div id=\"\" class=\"brz-css-vcXnE brz-css-gDvXa brz-wrapper\">\n<div class=\"brz-spacer brz-css-uqf2o\"><\/div>\n<\/div>\n<div class=\"brz-wrapper-clone brz-css-imgSs\">\n<div class=\"brz-d-xs-flex brz-flex-xs-wrap brz-css-dZcFz\" data-brz-custom-id=\"\">\n<div class=\"brz-wrapper-clone__item\" id=\"oglicnfbmnuaetcolqfdyulqqqeztfsajtop\">\n<div class=\"brz-icon__container\" data-brz-custom-id=\"oglicnfbmnuaetcolqfdyulqqqeztfsajtop\"><a class=\"brz-a brz-anchor\" href=\"#fnlwfukcocxjygtnzwqrqrkgqvklkkarwcso\" target=\"_self\" rel=\"noopener\" data-brz-link-type=\"anchor\"><span class=\"brz-icon brz-span brz-css-g0w3c brz-css-oUPeW\"><\/span><\/a><\/div>\n<\/div>\n<\/div>\n<\/div>\n<\/div>\n<\/div>\n<\/div>\n<\/div>\n<\/div>\n<\/div>\n<\/section>\n<section id=\"pbcipitahsmfhgtwfardiheizxchdsdvhtuo\" class=\"brz-section brz-css-sMsaS\">\n<div class=\"brz-section__content brz-section--boxed brz-css-oz50K brz-css-cw4D3\" data-brz-custom-id=\"jdtstkvhnsiwdmtbilessnpoxlodlomhcmcn\">\n<div class=\"brz-bg\">\n<div class=\"brz-bg-color\"><\/div>\n<\/div>\n<div class=\"brz-container brz-css-tUpo1\">\n<div class=\"brz-row__container brz-css-cgYWu\" data-brz-custom-id=\"magoxkjyftaichanhubiwrcgvapzlwpaqwrc\">\n<div class=\"brz-bg\"><\/div>\n<div class=\"brz-row brz-css-sOJ7T brz-css-oE9Yu\">\n<div class=\"brz-columns brz-css-zO4Vz brz-css-wHIN7\" data-brz-custom-id=\"jsjpcemaodidjqxadmiymuywynhamlnkgnln\">\n<div class=\"brz-bg\"><\/div>\n<div class=\"brz-column__items brz-css-hlHok brz-css-v2bh5\">\n<div id=\"\" class=\"brz-css-vcXnE brz-wrapper\">\n<div class=\"brz-image brz-css-ujB_g brz-css-ss4zN\" data-brz-custom-id=\"rpgwwouegzbmlvomdmblrsleewasslrlxqtz\"><img decoding=\"async\" class=\"brz-img\" src=\"https:\/\/testsite.treehouseestonia.ee\/wp-content\/uploads\/brizy\/imgs\/Treehouseestonia-loodus-3-487x365x64x32x360x302x1621233985.jpg\" alt=\"\" loading=\"lazy\"><\/div>\n<\/div>\n<div id=\"\" class=\"brz-css-vcXnE brz-wrapper\">\n<div class=\"brz-rich-text brz-rich-text__custom brz-css-seyy5\" data-brz-custom-id=\"kysvkemjdvegannwtmmcpryxzawbkhqkylji\">\n<div data-brz-translate-text=\"1\">\n<h4 class=\"brz-tp-heading4 brz-text-xs-center brz-css-x9H_X\"><span class=\"brz-cp-color3\">Rabamatk <\/span><\/h4>\n<\/div>\n<\/div>\n<\/div>\n<div id=\"\" class=\"brz-css-vcXnE brz-css-dN58q brz-wrapper\">\n<div class=\"brz-rich-text brz-rich-text__custom brz-css-seyy5\" data-brz-custom-id=\"mcxygmajhhazqvkfvlzpncaqaidafwkwqoto\">\n<div data-brz-translate-text=\"1\">\n<p class=\"brz-tp-paragraph brz-text-xs-center brz-css-hedaf\"><span class=\"brz-cp-color2\">Hommikune raba jalutusk\u00e4igu ja suplusega rabaj\u00e4rves. Meilt 30 min autos\u00f5idu kaugusel on tore Rabivere matkarada. Juhatame teed ja saate omal k\u00e4el matkata.<\/span><\/p>\n<p class=\"brz-tp-paragraph brz-text-xs-center brz-css-i_nYu\"><span class=\"brz-cp-color2\"> <\/span><\/p>\n<p class=\"brz-tp-heading6 brz-text-xs-center brz-css-sMuY9\"><strong class=\"brz-cp-color2\">TASUTA <\/strong><\/p>\n<\/div>\n<\/div>\n<\/div>\n<\/div>\n<\/div>\n<div class=\"brz-columns brz-css-zO4Vz brz-css-eN4CF\" data-brz-custom-id=\"amkngsawrskxtscbftpgmwfgqpmrbbgvzzrd\">\n<div class=\"brz-column__items brz-css-hlHok brz-css-nE_KQ\">\n<div id=\"\" class=\"brz-css-vcXnE brz-wrapper\">\n<div class=\"brz-image brz-css-xe5a9 brz-css-jjjBp\" data-brz-custom-id=\"ndpjnaywtzoxjnrktaumtfivnffgcokhgirv\"><img decoding=\"async\" class=\"brz-img\" src=\"https:\/\/testsite.treehouseestonia.ee\/wp-content\/uploads\/brizy\/imgs\/Treehouseestonia-matk-joel-1-399x299x20x0x360x299x1621233985.jpg\" alt=\"\" loading=\"lazy\"><\/div>\n<\/div>\n<div id=\"\" class=\"brz-css-vcXnE brz-wrapper\">\n<div class=\"brz-rich-text brz-rich-text__custom brz-css-seyy5\" data-brz-custom-id=\"gjbgjbcxbvwhnjondxamdhkxmelulvpvcjot\">\n<div data-brz-translate-text=\"1\">\n<h4 class=\"brz-tp-heading4 brz-text-xs-center brz-css-q2DFR\"><span class=\"brz-cp-color3\">Kayaki matk <\/span><\/h4>\n<\/div>\n<\/div>\n<\/div>\n<div id=\"\" class=\"brz-css-vcXnE brz-css-vBsuh brz-wrapper\">\n<div class=\"brz-rich-text brz-rich-text__custom brz-css-seyy5\" data-brz-custom-id=\"ukpspdvhgydfcloyfjmoharnftmlochpjexr\">\n<div data-brz-translate-text=\"1\">\n<p class=\"brz-tp-paragraph brz-text-lg-justify brz-text-xs-center brz-css-qw4hX\"><span class=\"brz-cp-color2\">Tore 2-3 tunnine matk j\u00f5el. <\/span><\/p>\n<p class=\"brz-tp-paragraph brz-text-lg-justify brz-text-xs-center brz-css-g3uh0\"><span class=\"brz-cp-color2\">S\u00f5idu esimesel poolel on j\u00f5gi k\u00e4restikulisem ja saab ka jala m\u00e4rjaks. Teisel poolel on vesi<\/span><\/p>\n<p class=\"brz-tp-paragraph brz-text-xs-center brz-css-gS1LU\"><span class=\"brz-cp-color2\">s\u00fcgavam ja rahulikum. <\/span><\/p>\n<p class=\"brz-tp-paragraph brz-text-xs-center brz-css-hrz9Y\"><span class=\"brz-cp-color2\">Kaunis matk Eesti looduses.<\/span><\/p>\n<p class=\"brz-tp-paragraph brz-text-xs-center brz-css-hTOvA\"><span class=\"brz-cp-color2\"> <\/span><\/p>\n<p class=\"brz-tp-heading6 brz-text-xs-center brz-css-vKVK7\"><strong class=\"brz-cp-color2\">HIND 30 EUR\/INIMENE<\/strong><\/p>\n<\/div>\n<\/div>\n<\/div>\n<\/div>\n<\/div>\n<div class=\"brz-columns brz-css-zO4Vz brz-css-dfKjR\" data-brz-custom-id=\"brdbyzssbpkrvascdyoyzbitvnmfchfymwkm\">\n<div class=\"brz-column__items brz-css-hlHok brz-css-pqrIO\">\n<div id=\"\" class=\"brz-css-vcXnE brz-wrapper\">\n<div class=\"brz-image brz-css-mK8xo brz-css-lf9P6\" data-brz-custom-id=\"koymvlcbbpafprsbdgzxgbvgjnmcjqdbdybn\"><img decoding=\"async\" class=\"brz-img\" src=\"https:\/\/testsite.treehouseestonia.ee\/wp-content\/uploads\/brizy\/imgs\/Treehouseestonia-rattamatk-1-538x302x131x0x361x302x1621233985.jpg\" alt=\"\" loading=\"lazy\"><\/div>\n<\/div>\n<div id=\"\" class=\"brz-css-vcXnE brz-wrapper\">\n<div class=\"brz-rich-text brz-rich-text__custom brz-css-seyy5\" data-brz-custom-id=\"bhwpgttancovsulefrondhhkygwraildwilm\">\n<div data-brz-translate-text=\"1\">\n<h4 class=\"brz-tp-heading4 brz-text-xs-center brz-css-kyZhx\"><span class=\"brz-cp-color3\">Jalgratta s\u00f5it<\/span><\/h4>\n<\/div>\n<\/div>\n<\/div>\n<div id=\"\" class=\"brz-css-vcXnE brz-css-yaYv6 brz-wrapper\">\n<div class=\"brz-rich-text brz-rich-text__custom brz-css-seyy5\" data-brz-custom-id=\"sjwjpnzbvvqqsftanjabhqcwpgiyyphwybst\">\n<div data-brz-translate-text=\"1\">\n<p class=\"brz-tp-paragraph brz-text-xs-center brz-css-k8ChI\"><span class=\"brz-cp-color2\">K\u00fclaelu on \u00e4ge! <\/span><\/p>\n<p class=\"brz-tp-paragraph brz-text-xs-center brz-css-teegX\"><span class=\"brz-cp-color2\">Uudista ringi rattaga, s\u00f5ida tiigi \u00e4\u00e4rde ujuma v\u00f5i disc golfi m\u00e4ngima. <\/span><\/p>\n<p class=\"brz-tp-paragraph brz-text-xs-center brz-css-iI2Xv\"><span class=\"brz-cp-color2\"> <\/span><\/p>\n<p class=\"brz-tp-heading6 brz-text-xs-center brz-css-y2cD5\"><strong class=\"brz-cp-color2\">TASUTA <\/strong><\/p>\n<\/div>\n<\/div>\n<\/div>\n<\/div>\n<\/div>\n<\/div>\n<\/div>\n<div class=\"brz-row__container brz-css-cgYWu\" data-brz-custom-id=\"wznhxndzfhayqwdtcftigofdgjnemmeimzun\">\n<div class=\"brz-bg\"><\/div>\n<div class=\"brz-row brz-css-sOJ7T\">\n<div class=\"brz-columns brz-css-zO4Vz brz-css-qSc9o\" data-brz-custom-id=\"ldsfxcojowhhafmgwcrycqgdncjpavpoyzso\">\n<div class=\"brz-bg\"><\/div>\n<div class=\"brz-column__items brz-css-hlHok\">\n<div id=\"\" class=\"brz-css-vcXnE brz-css-gDvXa brz-wrapper\">\n<div class=\"brz-spacer brz-css-uqf2o\"><\/div>\n<\/div>\n<div class=\"brz-wrapper-clone brz-css-imgSs\">\n<div class=\"brz-d-xs-flex brz-flex-xs-wrap brz-css-dZcFz\" data-brz-custom-id=\"\">\n<div class=\"brz-wrapper-clone__item\" id=\"pqdpytyoszyprzagdfkrsezfvryexjpzoayi\">\n<div class=\"brz-icon__container\" data-brz-custom-id=\"pqdpytyoszyprzagdfkrsezfvryexjpzoayi\"><a class=\"brz-a brz-anchor\" href=\"#fnlwfukcocxjygtnzwqrqrkgqvklkkarwcso\" target=\"_self\" rel=\"noopener\" data-brz-link-type=\"anchor\"><span class=\"brz-icon brz-span brz-css-g0w3c brz-css-podZ8\"><\/span><\/a><\/div>\n<\/div>\n<\/div>\n<\/div>\n<\/div>\n<\/div>\n<\/div>\n<\/div>\n<\/div>\n<\/div>\n<\/section>\n<\/div>\n<p>    <!-- version:1722265056 --><\/p>\n","protected":false},"excerpt":{"rendered":"<p>Hommikus\u00f6\u00f6k Rikkalik hommikus\u00f6\u00f6k. Mis saab olla paremat kui \u00fcks korralik k\u00f5hut\u00e4is enne p\u00e4eva algust. Andke palun oma soovist teada v\u00e4hemalt p\u00e4ev enne saabumist. Hommikus\u00f6\u00f6ki pakume kell 9:00. HIND 15 EUR\/INIMENE Pizza Pakume v\u00f5imalust v\u00e4ikeseks k\u00f5hut\u00e4ieks. Valikus pizza puuk\u00fcttega ahjus. Pizzat k\u00fcpsetame kell 19:00. Andke palun p\u00e4ev varem soovist teada. HIND 15 EUR\/PIZZA, miinimum tellimus 2 [&hellip;]<\/p>\n","protected":false},"author":1,"featured_media":0,"parent":0,"menu_order":0,"comment_status":"closed","ping_status":"closed","template":"brizy-blank-template.php","meta":{"footnotes":""},"class_list":["post-1929","page","type-page","status-publish","hentry"],"brizy_media":[{"id":101,"url":"https:\/\/testsite.treehouseestonia.ee\/wp-content\/uploads\/2021\/02\/Treehouseestonia-rattamatk-1.jpg","name":"Treehouseestonia-rattamatk-1.jpg","meta":{"brizy_attachment_uid":"wp-31f8edc787f1d7789fc1a1dba10ea08d.jpg","brizy_post_uid":["a3b654a59fa4f048a52749f716737429"]}},{"id":106,"url":"https:\/\/testsite.treehouseestonia.ee\/wp-content\/uploads\/2021\/02\/Treehouseestonia-sup-2.jpg","name":"Treehouseestonia-sup-2.jpg","meta":{"brizy_attachment_uid":"wp-daf8d799d374b6e670582eeb5939e86b.jpg","brizy_post_uid":["a3b654a59fa4f048a52749f716737429"]}},{"id":110,"url":"https:\/\/testsite.treehouseestonia.ee\/wp-content\/uploads\/2021\/02\/Treehouseestonia-pizza.jpg","name":"Treehouseestonia-pizza.jpg","meta":{"brizy_attachment_uid":"wp-0ab33b3ba6bf49bcdfb577c8eaa2ee79.jpg","brizy_post_uid":["a3b654a59fa4f048a52749f716737429"]}},{"id":113,"url":"https:\/\/testsite.treehouseestonia.ee\/wp-content\/uploads\/2021\/02\/Treehouseestonia-tunnisaun-1.jpg","name":"Treehouseestonia-tunnisaun-1.jpg","meta":{"brizy_attachment_uid":"wp-91bee9708da30c3b47221a5c8d84687a.jpg","brizy_post_uid":["a3b654a59fa4f048a52749f716737429"]}},{"id":114,"url":"https:\/\/testsite.treehouseestonia.ee\/wp-content\/uploads\/2021\/02\/Treehouseestonia-tunnisaun-3.jpg","name":"Treehouseestonia-tunnisaun-3.jpg","meta":{"brizy_attachment_uid":"wp-3e6ac2018f4c8cebb997162fbd49de42.jpg","brizy_post_uid":["a3b654a59fa4f048a52749f716737429"]}},{"id":117,"url":"https:\/\/testsite.treehouseestonia.ee\/wp-content\/uploads\/2021\/02\/Treehouseestonia-vankrisaun-3.jpg","name":"Treehouseestonia-vankrisaun-3.jpg","meta":{"brizy_attachment_uid":"wp-2a5737dea91be42e6bc0519de5d9ce8d.jpg","brizy_post_uid":["a3b654a59fa4f048a52749f716737429"]}},{"id":118,"url":"https:\/\/testsite.treehouseestonia.ee\/wp-content\/uploads\/2021\/02\/Treehouseestonia-vankrisaun.jpg","name":"Treehouseestonia-vankrisaun.jpg","meta":{"brizy_attachment_uid":"wp-58dfeaf9aa4a6992ddc927473c468cb8.jpg","brizy_post_uid":["a3b654a59fa4f048a52749f716737429"]}},{"id":119,"url":"https:\/\/testsite.treehouseestonia.ee\/wp-content\/uploads\/2021\/02\/Treehouseestonials-leilisaun.jpg","name":"Treehouseestonials-leilisaun.jpg","meta":{"brizy_attachment_uid":"wp-7ac29870f9c71859b7cbf2f276d1fdbc.jpg","brizy_post_uid":["a3b654a59fa4f048a52749f716737429"]}},{"id":123,"url":"https:\/\/testsite.treehouseestonia.ee\/wp-content\/uploads\/2021\/02\/Treehouseestonia-matk-joel-1.jpg","name":"Treehouseestonia-matk-joel-1.jpg","meta":{"brizy_attachment_uid":"wp-74209c95ebb497ae7094c682fde72134.jpg","brizy_post_uid":["a3b654a59fa4f048a52749f716737429"]}},{"id":184,"url":"https:\/\/testsite.treehouseestonia.ee\/wp-content\/uploads\/2021\/02\/Treehouseestonia-loodus-2.jpg","name":"Treehouseestonia-loodus-2.jpg","meta":{"brizy_attachment_uid":"wp-6fc77eb7a31b8e0533ec21a6b606cddf.jpg","brizy_post_uid":["0ac713c6fe6aaf9dd393713e7b62a5d4","5ee69893161784152ddd2f4f37811948","a3b654a59fa4f048a52749f716737429"]}},{"id":185,"url":"https:\/\/testsite.treehouseestonia.ee\/wp-content\/uploads\/2021\/02\/Treehouseestonia-loodus-3.jpg","name":"Treehouseestonia-loodus-3.jpg","meta":{"brizy_attachment_uid":"wp-f5be07c84f752966b680539cbe97b2af.jpg","brizy_post_uid":["0ac713c6fe6aaf9dd393713e7b62a5d4","a3b654a59fa4f048a52749f716737429"]}},{"id":187,"url":"https:\/\/testsite.treehouseestonia.ee\/wp-content\/uploads\/2021\/02\/Treehouseestonia-breakfast.jpg","name":"Treehouseestonia-breakfast.jpg","meta":{"brizy_attachment_uid":"wp-c08a7edf57462c56598a26724442af1f.jpg","brizy_post_uid":["a3b654a59fa4f048a52749f716737429"]}},{"id":4529,"url":"https:\/\/testsite.treehouseestonia.ee\/wp-content\/uploads\/2021\/04\/6.jpg","name":"6.jpg","meta":{"brizy_attachment_uid":"wp-98dd605588dc685cf6c04f7d8aa28741.jpg","brizy_post_uid":["a3b654a59fa4f048a52749f716737429"]}},{"id":4530,"url":"https:\/\/testsite.treehouseestonia.ee\/wp-content\/uploads\/2021\/04\/7.jpg","name":"7.jpg","meta":{"brizy_attachment_uid":"wp-a5d4cc8fd3c0280aef9a2f9885779c93.jpg","brizy_post_uid":["a3b654a59fa4f048a52749f716737429"]}},{"id":4990,"url":"https:\/\/testsite.treehouseestonia.ee\/wp-content\/uploads\/2021\/05\/treehouseestonia-vankersaun-scaled.jpeg","name":"treehouseestonia-vankersaun.jpeg","meta":{"brizy_attachment_uid":"wp-3ffcb8a56ee4def2443e5ebe15d9e940.jpeg","brizy_post_uid":["a3b654a59fa4f048a52749f716737429"]}}],"_links":{"self":[{"href":"https:\/\/testsite.treehouseestonia.ee\/et\/wp-json\/wp\/v2\/pages\/1929","targetHints":{"allow":["GET"]}}],"collection":[{"href":"https:\/\/testsite.treehouseestonia.ee\/et\/wp-json\/wp\/v2\/pages"}],"about":[{"href":"https:\/\/testsite.treehouseestonia.ee\/et\/wp-json\/wp\/v2\/types\/page"}],"author":[{"embeddable":true,"href":"https:\/\/testsite.treehouseestonia.ee\/et\/wp-json\/wp\/v2\/users\/1"}],"replies":[{"embeddable":true,"href":"https:\/\/testsite.treehouseestonia.ee\/et\/wp-json\/wp\/v2\/comments?post=1929"}],"version-history":[{"count":30,"href":"https:\/\/testsite.treehouseestonia.ee\/et\/wp-json\/wp\/v2\/pages\/1929\/revisions"}],"predecessor-version":[{"id":11378,"href":"https:\/\/testsite.treehouseestonia.ee\/et\/wp-json\/wp\/v2\/pages\/1929\/revisions\/11378"}],"wp:attachment":[{"href":"https:\/\/testsite.treehouseestonia.ee\/et\/wp-json\/wp\/v2\/media?parent=1929"}],"curies":[{"name":"wp","href":"https:\/\/api.w.org\/{rel}","templated":true}]}}